{"id":25,"date":"2025-11-07T09:43:22","date_gmt":"2025-11-07T08:43:22","guid":{"rendered":"https:\/\/bujniak.pl\/pfkk\/index.php\/strona-glowna\/"},"modified":"2025-11-20T08:25:04","modified_gmt":"2025-11-20T07:25:04","slug":"strona-glowna","status":"publish","type":"page","link":"https:\/\/bujniak.pl\/pfkk\/","title":{"rendered":"Strona g\u0142\u00f3wna"},"content":{"rendered":"\n    \n    <section class=\"u-clearfix u-container-align-center u-section-2\" id=\"sec-c768\">\n      <div class=\"u-clearfix u-sheet u-valign-middle-lg u-valign-middle-md u-valign-middle-sm u-valign-middle-xs u-sheet-1\">\n        <div class=\"u-expanded-width u-list u-list-1\">\n          <div class=\"u-repeater u-repeater-1\">\n            <div class=\"u-container-style u-list-item u-repeater-item\">\n              <div class=\"u-container-layout u-similar-container u-valign-top-lg u-valign-top-md u-valign-top-sm u-valign-top-xs u-container-layout-1\">\n                <img decoding=\"async\" class=\"custom-expanded u-align-left u-image u-image-contain u-image-default u-image-1\" src=\"https:\/\/bujniak.pl\/pfkk\/wp-content\/uploads\/2025\/11\/wkb_poland.png\" alt=\"\" data-image-width=\"603\" data-image-height=\"244\" data-animation-name=\"customAnimationIn\" data-animation-duration=\"2000\" data-animation-delay=\"0\">\n                <h5 class=\"u-align-left u-text u-text-1\">World Kyokushin Budokai <\/h5>\n                <ul class=\"u-align-left u-text u-text-2\">\n                  <li>\n                    <a href=\"https:\/\/worldkyokushinbudokai.pl\/\" class=\"u-active-none u-border-none u-btn u-button-style u-hover-none u-none u-text-palette-1-base u-btn-1\">Strona World Kyokushin Budokai Poland <\/a>\n                  <\/li>\n                  <li>\n                    <a href=\"https:\/\/karatekontaktowe.pl\/category\/wkb\/\" class=\"u-active-none u-border-none u-btn u-button-style u-hover-none u-none u-text-palette-1-base u-btn-2\">WKB na www.karatekontaktowe.pl<\/a>\n                  <\/li>\n                <\/ul>\n              <\/div>\n            <\/div>\n            <div class=\"u-container-style u-list-item u-repeater-item\">\n              <div class=\"u-container-layout u-similar-container u-valign-top-lg u-valign-top-md u-valign-top-sm u-valign-top-xs u-container-layout-2\">\n                <img decoding=\"async\" class=\"custom-expanded u-align-left u-image u-image-contain u-image-default u-image-2\" src=\"https:\/\/bujniak.pl\/pfkk\/wp-content\/uploads\/2025\/11\/PKSN-1.png\" alt=\"\" data-image-width=\"745\" data-image-height=\"236\" data-animation-name=\"customAnimationIn\" data-animation-duration=\"2000\" data-animation-delay=\"0\">\n                <h5 class=\"u-align-left u-text u-text-3\"> Polska Federacja Karate Kontaktowego jest cz\u0142onkiem<br>\n                  <a href=\"http:\/\/www.pksn.pl\/\" target=\"_blank\" class=\"u-active-none u-border-none u-btn u-button-style u-hover-none u-none u-text-palette-1-base u-btn-3\">Polskiego Komitetu Sport\u00f3w Nieolimpijskich<\/a>\n                <\/h5>\n                <ul class=\"u-align-left u-text u-text-4\"><\/ul>\n              <\/div>\n            <\/div>\n          <\/div>\n        <\/div>\n      <\/div>\n    <\/section>\n    <section class=\"u-clearfix u-container-align-center u-custom-color-1 u-section-3\" id=\"sec-1838\">\n      <div class=\"u-clearfix u-sheet u-sheet-1\"><\/div>\n    <\/section>\n    <section class=\"u-align-center u-clearfix u-container-align-center u-gradient u-section-4\" id=\"carousel_ac44\" data-image-width=\"2000\" data-image-height=\"1333\">\n      <div class=\"u-clearfix u-sheet u-valign-middle-lg u-valign-middle-md u-valign-middle-sm u-valign-middle-xs u-sheet-1\">\n        <h6 class=\"u-text u-text-default u-text-1\">Og\u0142oszenia <\/h6>\n        <div class=\"u-blog u-container-style u-expanded-width u-blog-1\" data-site-sorting-prop=\"created\" data-site-sorting-order=\"desc\" data-max-items=\"3\" data-items-per-page=\"2\">\n          <div class=\"u-list-control\"><\/div>\n          <div class=\"u-repeater u-repeater-1\">\n            <div class=\"u-blog-post u-invisible u-container-style u-repeater-item\">\n              <div class=\"u-container-layout u-similar-container u-container-layout-1\">\n                <h3 class=\"u-blog-control u-text\">\n                  <a class=\"u-post-header-link\" href=\"https:\/\/bujniak.pl\/pfkk\/index.php\/2025\/11\/08\/formularz-zapisowy-do-polskiej-federacji-karate-kontaktowego\/\">Formularz zapisowy do PFKK<\/a>\n                <\/h3><div class=\"none-post-image\" style=\"display: none;\"><\/div>\n                <div class=\"u-blog-control u-post-content u-text\"><p>\nWniosek  Pobierz\n\n\n\ndokument nale\u017cy wydrukowa\u0107, ostemplowa\u0107, podpisa\u0107 i za\u0142\u0105czy\u0107 do poni\u017cszego formularza w formie skanu lub zdj\u0119cia\n\n\n\nFormularz &hellip;<\/p>\n                <\/div>\n                <a href=\"https:\/\/bujniak.pl\/pfkk\/index.php\/2025\/11\/08\/formularz-zapisowy-do-polskiej-federacji-karate-kontaktowego\/\" class=\"u-blog-control u-border-2 u-border-no-left u-border-no-right u-border-no-top u-border-palette-1-base u-btn u-button-style u-none u-btn-1\">Read more<\/a>\n              <\/div>\n            <\/div>\n            <div class=\"u-blog-post u-invisible u-container-style u-repeater-item\">\n              <div class=\"u-container-layout u-similar-container u-container-layout-2\">\n                <h3 class=\"u-blog-control u-text\">\n                  <a class=\"u-post-header-link\" href=\"https:\/\/bujniak.pl\/pfkk\/index.php\/2025\/11\/08\/witaj-na-stronie-pfkk\/\">Witaj na stronie PFKK!<\/a>\n                <\/h3><div class=\"none-post-image\" style=\"display: none;\"><\/div>\n                <div class=\"u-blog-control u-post-content u-text\"><p>\nJeste\u015b na oficjalnej stornie Polskiej Federacji Karate Kontaktowego. \n\n\n\n \n<\/p>\n                <\/div>\n                <a href=\"https:\/\/bujniak.pl\/pfkk\/index.php\/2025\/11\/08\/witaj-na-stronie-pfkk\/\" class=\"u-blog-control u-border-2 u-border-no-left u-border-no-right u-border-no-top u-border-palette-1-base u-btn u-button-style u-none u-btn-2\">Read more<\/a>\n              <\/div>\n            <\/div>\n          <\/div>\n          <div class=\"u-list-control\"><\/div>\n        <\/div>\n      <\/div>\n    <\/section>\n    \n    \n    \n  \n","protected":false},"excerpt":{"rendered":"<p>World Kyokushin Budokai Strona World Kyokushin Budokai Poland WKB na www.karatekontaktowe.pl Polska Federacja Karate Kontaktowego jest cz\u0142onkiem Polskiego Komitetu Sport\u00f3w Nieolimpijskich Og\u0142oszenia Formularz zapisowy do PFKK Wniosek Pobierz dokument nale\u017cy wydrukowa\u0107, ostemplowa\u0107, podpisa\u0107 i za\u0142\u0105czy\u0107 do poni\u017cszego formularza w formie skanu lub zdj\u0119cia Formularz &hellip; Read more Witaj na stronie PFKK! Jeste\u015b na oficjalnej stornie &hellip; <a href=\"https:\/\/bujniak.pl\/pfkk\/\" class=\"more-link\">Continue reading<span class=\"screen-reader-text\"> &#8222;Strona g\u0142\u00f3wna&#8221;<\/span><\/a><\/p>\n","protected":false},"author":1,"featured_media":0,"parent":0,"menu_order":3,"comment_status":"closed","ping_status":"closed","template":"","meta":{"footnotes":""},"class_list":["post-25","page","type-page","status-publish","hentry"],"_links":{"self":[{"href":"https:\/\/bujniak.pl\/pfkk\/index.php\/wp-json\/wp\/v2\/pages\/25","targetHints":{"allow":["GET"]}}],"collection":[{"href":"https:\/\/bujniak.pl\/pfkk\/index.php\/wp-json\/wp\/v2\/pages"}],"about":[{"href":"https:\/\/bujniak.pl\/pfkk\/index.php\/wp-json\/wp\/v2\/types\/page"}],"author":[{"embeddable":true,"href":"https:\/\/bujniak.pl\/pfkk\/index.php\/wp-json\/wp\/v2\/users\/1"}],"replies":[{"embeddable":true,"href":"https:\/\/bujniak.pl\/pfkk\/index.php\/wp-json\/wp\/v2\/comments?post=25"}],"version-history":[{"count":11,"href":"https:\/\/bujniak.pl\/pfkk\/index.php\/wp-json\/wp\/v2\/pages\/25\/revisions"}],"predecessor-version":[{"id":176,"href":"https:\/\/bujniak.pl\/pfkk\/index.php\/wp-json\/wp\/v2\/pages\/25\/revisions\/176"}],"wp:attachment":[{"href":"https:\/\/bujniak.pl\/pfkk\/index.php\/wp-json\/wp\/v2\/media?parent=25"}],"curies":[{"name":"wp","href":"https:\/\/api.w.org\/{rel}","templated":true}]}}